{"id":310,"date":"2022-10-18T05:10:34","date_gmt":"2022-10-18T05:10:34","guid":{"rendered":"https:\/\/malibumarcelova.com\/?page_id=310"},"modified":"2023-07-17T11:18:16","modified_gmt":"2023-07-17T11:18:16","slug":"rolunk","status":"publish","type":"page","link":"https:\/\/malibumarcelova.com\/sk\/rolunk\/","title":{"rendered":"O n\u00e1s"},"content":{"rendered":"<div data-elementor-type=\"wp-page\" data-elementor-id=\"310\" class=\"elementor elementor-310\" data-elementor-post-type=\"page\">\n\t\t\t\t\t\t<section class=\"elementor-section elementor-top-section elementor-element elementor-element-bd617e8 elementor-section-stretched elementor-section-full_width elementor-section-height-min-height elementor-section-items-bottom elementor-section-content-bottom elementor-section-height-default\" data-id=\"bd617e8\" data-element_type=\"section\" data-e-type=\"section\" data-settings=\"{&quot;stretch_section&quot;:&quot;section-stretched&quot;,&quot;background_background&quot;:&quot;classic&quot;}\">\n\t\t\t\t\t\t<div class=\"elementor-container elementor-column-gap-default\">\n\t\t\t\t\t<div class=\"elementor-column elementor-col-50 elementor-top-column elementor-element elementor-element-9c75f5a\" data-id=\"9c75f5a\" data-element_type=\"column\" data-e-type=\"column\">\n\t\t\t<div class=\"elementor-widget-wrap\">\n\t\t\t\t\t\t\t<\/div>\n\t\t<\/div>\n\t\t\t\t<div class=\"elementor-column elementor-col-50 elementor-top-column elementor-element elementor-element-4eb1ded\" data-id=\"4eb1ded\" data-element_type=\"column\" data-e-type=\"column\" data-settings=\"{&quot;background_background&quot;:&quot;classic&quot;}\">\n\t\t\t<div class=\"elementor-widget-wrap elementor-element-populated\">\n\t\t\t\t\t\t<div class=\"elementor-element elementor-element-28d1e5f elementor-widget elementor-widget-heading\" data-id=\"28d1e5f\" data-element_type=\"widget\" data-e-type=\"widget\" data-widget_type=\"heading.default\">\n\t\t\t\t<div class=\"elementor-widget-container\">\n\t\t\t\t\t<h2 class=\"elementor-heading-title elementor-size-default\">Malibu Marcelova s.r.o<\/h2>\t\t\t\t<\/div>\n\t\t\t\t<\/div>\n\t\t\t\t<div class=\"elementor-element elementor-element-4e12925 elementor-widget elementor-widget-heading\" data-id=\"4e12925\" data-element_type=\"widget\" data-e-type=\"widget\" data-widget_type=\"heading.default\">\n\t\t\t\t<div class=\"elementor-widget-container\">\n\t\t\t\t\t<h2 class=\"elementor-heading-title elementor-size-default\">Na\u0161a hist\u00f3ria<\/h2>\t\t\t\t<\/div>\n\t\t\t\t<\/div>\n\t\t\t\t<div class=\"elementor-element elementor-element-29279e9 elementor-widget elementor-widget-text-editor\" data-id=\"29279e9\" data-element_type=\"widget\" data-e-type=\"widget\" data-widget_type=\"text-editor.default\">\n\t\t\t\t<div class=\"elementor-widget-container\">\n\t\t\t\t\t\t\t\t\t<p>Obchod s potravinami a zmie\u0161an\u00fdm tovarom<\/p><p>Re\u0161taur\u00e1cia a kr\u010dma<\/p><p>Kvetinov\u00fd obchod so suven\u00edrmi<\/p>\t\t\t\t\t\t\t\t<\/div>\n\t\t\t\t<\/div>\n\t\t\t\t\t<\/div>\n\t\t<\/div>\n\t\t\t\t\t<\/div>\n\t\t<\/section>\n\t\t\t\t<section class=\"elementor-section elementor-top-section elementor-element elementor-element-3812359 elementor-section-content-middle elementor-section-stretched elementor-section-boxed elementor-section-height-default elementor-section-height-default\" data-id=\"3812359\" data-element_type=\"section\" data-e-type=\"section\" data-settings=\"{&quot;stretch_section&quot;:&quot;section-stretched&quot;}\">\n\t\t\t\t\t\t<div class=\"elementor-container elementor-column-gap-default\">\n\t\t\t\t\t<div class=\"elementor-column elementor-col-50 elementor-top-column elementor-element elementor-element-a2278a8\" data-id=\"a2278a8\" data-element_type=\"column\" data-e-type=\"column\">\n\t\t\t<div class=\"elementor-widget-wrap elementor-element-populated\">\n\t\t\t\t\t\t<div class=\"elementor-element elementor-element-f0ce96d elementor-widget elementor-widget-heading\" data-id=\"f0ce96d\" data-element_type=\"widget\" data-e-type=\"widget\" data-widget_type=\"heading.default\">\n\t\t\t\t<div class=\"elementor-widget-container\">\n\t\t\t\t\t<h2 class=\"elementor-heading-title elementor-size-default\">Malibu<\/h2>\t\t\t\t<\/div>\n\t\t\t\t<\/div>\n\t\t\t\t<div class=\"elementor-element elementor-element-d8fd75e elementor-widget elementor-widget-text-editor\" data-id=\"d8fd75e\" data-element_type=\"widget\" data-e-type=\"widget\" data-widget_type=\"text-editor.default\">\n\t\t\t\t<div class=\"elementor-widget-container\">\n\t\t\t\t\t\t\t\t\t<p>Na\u0161a firma vznikla v roku 1991 ako rodinn\u00e1 firma (&quot;Marcelka&quot; - \u017didekov\u00e1 Helena). Zalo\u017eila ho moja mama, ktor\u00e1 si v roku 1991 otvorila prv\u00fd mal\u00fd z\u00e1hradk\u00e1rsky obchod a potom v roku 1992 otvorila na\u0161u druh\u00fa predaj\u0148u, \u010do boli potraviny, m\u00e4siarstvo a zmie\u0161an\u00fd tovar s minim\u00e1lnym \u0161tvorcov\u00fdm metrom. N\u00e1\u0161 pivovar sme otvorili v roku 1995, kedy p\u00f4vodne obytn\u00fd objekt, ktor\u00fd sl\u00fa\u017eil na podnikate\u013esk\u00e9 \u00fa\u010dely, pre\u0161iel men\u0161ou rekon\u0161trukciou, \u010d\u00edm sa objekt rozdelil. V jednej polovici objektu bola pivnica so z\u00e1hradkou a v druhej polovici obchod s potravinami. Pivnica bola pova\u017eovan\u00e1 za modern\u00fa a dobre vybaven\u00fa v s\u00falade s dobou a potrebami a l\u00e1kala mlad\u00fdch \u013eud\u00ed z obce a susedn\u00fdch obc\u00ed. V tom \u010dase sme ako prv\u00ed a ojedinel\u00ed v obci prev\u00e1dzkovali tento druh z\u00e1bavy, ka\u017ed\u00fd de\u0148 pln\u00e9 domy. Nov\u00fa podobu v tom \u010dase dostala aj na\u0161a predaj\u0148a potrav\u00edn, z malej predajne s pultom sa stala samoobsluha, \u010do na\u0161i z\u00e1kazn\u00edci ve\u013emi ocenili.<\/p>\t\t\t\t\t\t\t\t<\/div>\n\t\t\t\t<\/div>\n\t\t\t\t\t<\/div>\n\t\t<\/div>\n\t\t\t\t<div class=\"elementor-column elementor-col-50 elementor-top-column elementor-element elementor-element-371ad23\" data-id=\"371ad23\" data-element_type=\"column\" data-e-type=\"column\">\n\t\t\t<div class=\"elementor-widget-wrap elementor-element-populated\">\n\t\t\t\t\t\t<div class=\"elementor-element elementor-element-8518628 elementor-widget elementor-widget-image\" data-id=\"8518628\" data-element_type=\"widget\" data-e-type=\"widget\" data-widget_type=\"image.default\">\n\t\t\t\t<div class=\"elementor-widget-container\">\n\t\t\t\t\t\t\t\t\t\t\t\t\t\t\t<img decoding=\"async\" src=\"https:\/\/malibumarcelova.com\/wp-content\/uploads\/elementor\/thumbs\/IMG_3317-scaled-pwoodmeaumph7225h8tqnz0ivyj28eiw7nplhrw7z8.jpeg\" title=\"IMG_3317\" alt=\"IMG_3317\" loading=\"lazy\" \/>\t\t\t\t\t\t\t\t\t\t\t\t\t\t\t<\/div>\n\t\t\t\t<\/div>\n\t\t\t\t<div class=\"elementor-element elementor-element-7eec239 elementor-widget elementor-widget-image\" data-id=\"7eec239\" data-element_type=\"widget\" data-e-type=\"widget\" data-widget_type=\"image.default\">\n\t\t\t\t<div class=\"elementor-widget-container\">\n\t\t\t\t\t\t\t\t\t\t\t\t\t\t\t<img decoding=\"async\" src=\"https:\/\/malibumarcelova.com\/wp-content\/uploads\/elementor\/thumbs\/61344C24-5B9F-41AB-B02F-6D783C5D71D3-scaled-pwooqiqkmscua4nizs77m5x85dqa7xqpcr8jjzi92o.jpeg\" title=\"Malibu Marcelov\u00e1 s.r.o\" alt=\"Malibu Marcelova sro\" loading=\"lazy\" \/>\t\t\t\t\t\t\t\t\t\t\t\t\t\t\t<\/div>\n\t\t\t\t<\/div>\n\t\t\t\t\t<\/div>\n\t\t<\/div>\n\t\t\t\t\t<\/div>\n\t\t<\/section>\n\t\t\t\t<section class=\"elementor-section elementor-top-section elementor-element elementor-element-d339feb elementor-section-content-middle elementor-section-stretched elementor-reverse-mobile elementor-section-boxed elementor-section-height-default elementor-section-height-default\" data-id=\"d339feb\" data-element_type=\"section\" data-e-type=\"section\" data-settings=\"{&quot;stretch_section&quot;:&quot;section-stretched&quot;}\">\n\t\t\t\t\t\t<div class=\"elementor-container elementor-column-gap-default\">\n\t\t\t\t\t<div class=\"elementor-column elementor-col-50 elementor-top-column elementor-element elementor-element-b4cdcd2\" data-id=\"b4cdcd2\" data-element_type=\"column\" data-e-type=\"column\">\n\t\t\t<div class=\"elementor-widget-wrap elementor-element-populated\">\n\t\t\t\t\t\t<div class=\"elementor-element elementor-element-fc1ee1c elementor-widget elementor-widget-image\" data-id=\"fc1ee1c\" data-element_type=\"widget\" data-e-type=\"widget\" data-widget_type=\"image.default\">\n\t\t\t\t<div class=\"elementor-widget-container\">\n\t\t\t\t\t\t\t\t\t\t\t\t\t\t\t<img decoding=\"async\" src=\"https:\/\/malibumarcelova.com\/wp-content\/uploads\/elementor\/thumbs\/IMG_3074-scaled-pwoogez15wj5pc025yatkrmug6rc40m69hijudr3hg.jpeg\" title=\"Malibu Marcelov\u00e1 s.r.o\" alt=\"Malibu Marcelova sro\" loading=\"lazy\" \/>\t\t\t\t\t\t\t\t\t\t\t\t\t\t\t<\/div>\n\t\t\t\t<\/div>\n\t\t\t\t<div class=\"elementor-element elementor-element-40cf2e1 elementor-widget elementor-widget-image\" data-id=\"40cf2e1\" data-element_type=\"widget\" data-e-type=\"widget\" data-widget_type=\"image.default\">\n\t\t\t\t<div class=\"elementor-widget-container\">\n\t\t\t\t\t\t\t\t\t\t\t\t\t\t\t<img decoding=\"async\" src=\"https:\/\/malibumarcelova.com\/wp-content\/uploads\/elementor\/thumbs\/viber_kep_2022-10-12_15-09-42-971-pwooiw9p75x43zq7ihk5e36movb3sbh2z0qrf6t7jk.jpg\" title=\"Malibu Marcelov\u00e1 s.r.o\" alt=\"Malibu Marcelova sro\" loading=\"lazy\" \/>\t\t\t\t\t\t\t\t\t\t\t\t\t\t\t<\/div>\n\t\t\t\t<\/div>\n\t\t\t\t\t<\/div>\n\t\t<\/div>\n\t\t\t\t<div class=\"elementor-column elementor-col-50 elementor-top-column elementor-element elementor-element-b8a3559\" data-id=\"b8a3559\" data-element_type=\"column\" data-e-type=\"column\">\n\t\t\t<div class=\"elementor-widget-wrap elementor-element-populated\">\n\t\t\t\t\t\t<div class=\"elementor-element elementor-element-7e16142 elementor-widget elementor-widget-heading\" data-id=\"7e16142\" data-element_type=\"widget\" data-e-type=\"widget\" data-widget_type=\"heading.default\">\n\t\t\t\t<div class=\"elementor-widget-container\">\n\t\t\t\t\t<h2 class=\"elementor-heading-title elementor-size-default\">Malibu<\/h2>\t\t\t\t<\/div>\n\t\t\t\t<\/div>\n\t\t\t\t<div class=\"elementor-element elementor-element-aa111cb elementor-widget elementor-widget-text-editor\" data-id=\"aa111cb\" data-element_type=\"widget\" data-e-type=\"widget\" data-widget_type=\"text-editor.default\">\n\t\t\t\t<div class=\"elementor-widget-container\">\n\t\t\t\t\t\t\t\t\t<p>V roku 2011 sme po dosiahnut\u00ed \u010fal\u0161ieho m\u00ed\u013enika pres\u0165ahovali predaj\u0148u potrav\u00edn do samostatnej budovy na susednom pozemku, kde sme sa sna\u017eili oslovi\u0165 na\u0161ich star\u00fdch aj nov\u00fdch z\u00e1kazn\u00edkov trojn\u00e1sobne v\u00e4\u010d\u0161ou predajnou plochou a v\u00e4\u010d\u0161ou ponukou a teraz m\u00f4\u017eeme potvrdi\u0165, \u017ee sa n\u00e1m to podarilo! V lete nasleduj\u00faceho roku, v roku 2012, sme po malej v\u00fdstavbe otvorili na\u0161u predaj\u0148u kvetov a dar\u010dekov\u00fdch predmetov, reaguj\u00fac na potreby z\u00e1kazn\u00edkov. Dekor\u00e1cie - umel\u00e9 kvety a kvetinov\u00e9 dekor\u00e1cie grace, ktor\u00e9 u\u017e boli v na\u0161ej ponuke, sme chceli posun\u00fa\u0165 na d\u00f4stojnej\u0161ie miesto. Otvoren\u00edm predajne sa za\u010dalo pr\u00edle\u017eitostn\u00e9 viazanie kyt\u00edc a ladn\u00e9 kvetinov\u00e9 kompoz\u00edcie, viazanie vencov, pr\u00edle\u017eitostn\u00e1 v\u00fdzdoba. Odvtedy sme vyzdobili ve\u013ea svadieb a zakryli sme ve\u013ea vonkaj\u0161\u00edch miest kvetmi. S na\u0161imi kvetinov\u00fdmi aran\u017em\u00e1nmi sme mnoh\u00fdm mlad\u00fdm p\u00e1rom poskytli nezabudnute\u013en\u00e9, nezabudnute\u013en\u00e9 chv\u00edle. Okrem pr\u00edle\u017eitostn\u00fdch kvetinov\u00fdch aran\u017em\u00e1nov treba spomen\u00fa\u0165 aj mnohotis\u00edcov\u00e9 ladn\u00e9 kvetinov\u00e9 aran\u017em\u00e1ny -na pohreby, pohreby-, ktor\u00e9, \u017eia\u013e, tie\u017e musia by\u0165 uveden\u00e9 v na\u0161ich pr\u00e1cach.<\/p>\t\t\t\t\t\t\t\t<\/div>\n\t\t\t\t<\/div>\n\t\t\t\t\t<\/div>\n\t\t<\/div>\n\t\t\t\t\t<\/div>\n\t\t<\/section>\n\t\t\t\t<section class=\"elementor-section elementor-top-section elementor-element elementor-element-16e97d1 elementor-section-content-middle elementor-section-stretched elementor-reverse-mobile elementor-section-boxed elementor-section-height-default elementor-section-height-default\" data-id=\"16e97d1\" data-element_type=\"section\" data-e-type=\"section\" data-settings=\"{&quot;stretch_section&quot;:&quot;section-stretched&quot;}\">\n\t\t\t\t\t\t<div class=\"elementor-container elementor-column-gap-default\">\n\t\t\t\t\t<div class=\"elementor-column elementor-col-50 elementor-top-column elementor-element elementor-element-1f4c991\" data-id=\"1f4c991\" data-element_type=\"column\" data-e-type=\"column\">\n\t\t\t<div class=\"elementor-widget-wrap elementor-element-populated\">\n\t\t\t\t\t\t<div class=\"elementor-element elementor-element-ecbce9c elementor-widget elementor-widget-heading\" data-id=\"ecbce9c\" data-element_type=\"widget\" data-e-type=\"widget\" data-widget_type=\"heading.default\">\n\t\t\t\t<div class=\"elementor-widget-container\">\n\t\t\t\t\t<h2 class=\"elementor-heading-title elementor-size-default\">Malibu<\/h2>\t\t\t\t<\/div>\n\t\t\t\t<\/div>\n\t\t\t\t<div class=\"elementor-element elementor-element-1373f5b elementor-widget elementor-widget-text-editor\" data-id=\"1373f5b\" data-element_type=\"widget\" data-e-type=\"widget\" data-widget_type=\"text-editor.default\">\n\t\t\t\t<div class=\"elementor-widget-container\">\n\t\t\t\t\t\t\t\t\t<p>V roku 2018 sme zrekon\u0161truovali na\u0161u pivnicu a tento rok sme otvorili kuchy\u0148u s my\u0161lienkou, aby sa n\u00e1\u0161 person\u00e1l, n\u00e1\u0161 kolekt\u00edv mohol stravova\u0165 na pracovisku. Po \u010dase  bolo potrebn\u00e9 zv\u00e4\u010d\u0161i\u0165 kuchy\u0148u, preto\u017ee po\u010det host\u00ed sa v\u00fdrazne zv\u00fd\u0161il, za \u010do sme im dodnes v\u010fa\u010dn\u00ed  preto\u017ee boli na\u0161ou motiv\u00e1ciou! Obed bol dobr\u00fd, a tak bolo treba zv\u00e4\u010d\u0161i\u0165 kuchy\u0148u a hrnce vymeni\u0165 za v\u00e4\u010d\u0161ie.<\/p><p><span style=\"font-size: inherit;\">Posledn\u00fd facelift za\u010dal v auguste 2020 a skon\u010dil v decembri toho ist\u00e9ho roku. V tom \u010dase sa op\u00e4\u0165 roz\u0161\u00edrila predajn\u00e1 plocha na\u0161ej predajne potrav\u00edn. Pri rekon\u0161trukcii sme rie\u0161ili aj nedostatok administrat\u00edvnych priestorov na prvom poschod\u00ed budovy, kde okrem kancel\u00e1ri\u00ed vznikol aj mal\u00fd kozmetick\u00fd sal\u00f3n, ktor\u00fd odvtedy funguje ako kadern\u00edctvo. (<\/span><span style=\"text-decoration: underline;\"><a href=\"https:\/\/www.facebook.com\/NikoletaLiptaiova\" target=\"_blank\" rel=\"noopener\">Diamantov\u00e9 kadern\u00edctvo - Liptai Niki<\/a><\/span><span style=\"font-size: inherit;\">).<\/span><\/p><p>Od 1.1.2022 pre\u0161la na\u0161a spolo\u010dnos\u0165 vn\u00fatornou \u0161truktur\u00e1lnou zmenou a odvtedy bude na\u0161a spolo\u010dnos\u0165 na\u010falej p\u00f4sobi\u0165 ako spolo\u010dnos\u0165 s ru\u010den\u00edm obmedzen\u00fdm (Malibu Marcelova s.r.o.). V na\u0161ich predajniach - Potraviny, r\u00f4zny tovar - Kvety a dar\u010deky, Re\u0161taur\u00e1cia - st\u00e1le \u010dak\u00e1me na na\u0161ich mil\u00fdch z\u00e1kazn\u00edkov a host\u00ed!<\/p>\t\t\t\t\t\t\t\t<\/div>\n\t\t\t\t<\/div>\n\t\t\t\t<div class=\"elementor-element elementor-element-af737f2 elementor-widget elementor-widget-text-editor\" data-id=\"af737f2\" data-element_type=\"widget\" data-e-type=\"widget\" data-widget_type=\"text-editor.default\">\n\t\t\t\t<div class=\"elementor-widget-container\">\n\t\t\t\t\t\t\t\t\t<p>V\u00e1\u017een\u00ed s\u00fa\u010dasn\u00ed a bud\u00faci z\u00e1kazn\u00edci, srde\u010dne V\u00e1s poz\u00fdvame!<\/p><p>Konatelia spolo\u010dnosti:<\/p><p>\u017didekov\u00e1 Helena<\/p><p><span style=\"font-size: 14px;\">Na t\u00fato t\u00e9mu sa podie\u013eal PaedDr.\u00a0 <\/span>\u017didia Peter<\/p>\t\t\t\t\t\t\t\t<\/div>\n\t\t\t\t<\/div>\n\t\t\t\t<div class=\"elementor-element elementor-element-9865ce7 elementor-widget elementor-widget-image\" data-id=\"9865ce7\" data-element_type=\"widget\" data-e-type=\"widget\" data-widget_type=\"image.default\">\n\t\t\t\t<div class=\"elementor-widget-container\">\n\t\t\t\t\t\t\t\t\t\t\t\t\t\t\t<img decoding=\"async\" src=\"https:\/\/malibumarcelova.com\/wp-content\/uploads\/elementor\/thumbs\/melleklet_2-1__1_-removebg-preview-pwooumb4s7jup473t3cr22nh5bjezhfut7erdcevyi.png\" title=\"Malibu Marcelov\u00e1 s.r.o\" alt=\"Malibu Marcelova sro\" loading=\"lazy\" \/>\t\t\t\t\t\t\t\t\t\t\t\t\t\t\t<\/div>\n\t\t\t\t<\/div>\n\t\t\t\t\t<\/div>\n\t\t<\/div>\n\t\t\t\t<div class=\"elementor-column elementor-col-50 elementor-top-column elementor-element elementor-element-edf1bdb\" data-id=\"edf1bdb\" data-element_type=\"column\" data-e-type=\"column\">\n\t\t\t<div class=\"elementor-widget-wrap elementor-element-populated\">\n\t\t\t\t\t\t<div class=\"elementor-element elementor-element-4b17f56 elementor-widget elementor-widget-image\" data-id=\"4b17f56\" data-element_type=\"widget\" data-e-type=\"widget\" data-widget_type=\"image.default\">\n\t\t\t\t<div class=\"elementor-widget-container\">\n\t\t\t\t\t\t\t\t\t\t\t\t\t\t\t<img decoding=\"async\" src=\"https:\/\/malibumarcelova.com\/wp-content\/uploads\/elementor\/thumbs\/EED86961-CCF7-4BFD-B847-A8AF4F3E2E6A-pwootd6zbq9dnx6ujjtrxhzh3axe5w11dl3dvmjtr8.jpeg\" title=\"Malibu Marcelov\u00e1 s.r.o\" alt=\"Malibu Marcelova sro\" loading=\"lazy\" \/>\t\t\t\t\t\t\t\t\t\t\t\t\t\t\t<\/div>\n\t\t\t\t<\/div>\n\t\t\t\t<div class=\"elementor-element elementor-element-d2841ae elementor-widget elementor-widget-image\" data-id=\"d2841ae\" data-element_type=\"widget\" data-e-type=\"widget\" data-widget_type=\"image.default\">\n\t\t\t\t<div class=\"elementor-widget-container\">\n\t\t\t\t\t\t\t\t\t\t\t\t\t\t\t\t<a href=\"https:\/\/www.facebook.com\/NikoletaLiptaiova\" target=\"_blank\">\n\t\t\t\t\t\t\t<img decoding=\"async\" src=\"https:\/\/malibumarcelova.com\/wp-content\/uploads\/elementor\/thumbs\/IMG_2921-pwootqcpzeroerbvkqus5ykxlmcmslgve4z3lz9suw.jpg\" title=\"Malibu Marcelov\u00e1 s.r.o\" alt=\"Malibu Marcelova sro\" loading=\"lazy\" \/>\t\t\t\t\t\t\t\t<\/a>\n\t\t\t\t\t\t\t\t\t\t\t\t\t\t\t<\/div>\n\t\t\t\t<\/div>\n\t\t\t\t\t<\/div>\n\t\t<\/div>\n\t\t\t\t\t<\/div>\n\t\t<\/section>\n\t\t\t\t<\/div>","protected":false},"excerpt":{"rendered":"<p>Malibu Marcelova s.r.o T\u00f6rt\u00e9net\u00fcnk \u00c9lelmiszer \u00e9s vegyesbolt \u00c9tterem \u00e9s s\u00f6r\u00f6z\u0151 Vir\u00e1g-Aj\u00e1nd\u00e9k \u00fczlet Malibu C\u00e9g\u00fcnk 1991- ben indult csal\u00e1di v\u00e1llalkoz\u00e1sk\u00e9nt (&#8222;Marcelka&#8221; &#8211; \u017didekov\u00e1 Helena). Alap\u00edt\u00f3ja \u00e9desany\u00e1m, aki 1991- ben els\u0151nek kiskert\u00e9szeti szak\u00fczletet nyitott, ezt k\u00f6vet\u0151en 1992- ben nyitotta m\u00e1sodik boltunkat, ami az \u00e9lelmiszer, hentes\u00e1ru- vegyes\u00e1ru kisbolt volt, minim\u00e1lis n\u00e9gyzetm\u00e9teren.\u00a0 S\u00f6r\u00f6z\u0151nket 1995- ben nyitottuk amikor is a &#8230; <a title=\"O n\u00e1s\" class=\"read-more\" href=\"https:\/\/malibumarcelova.com\/sk\/rolunk\/\" aria-label=\"Pre\u010d\u00edtajte si viac o R\u00f3lunk\">\u010c\u00edtaj viac<\/a><\/p>","protected":false},"author":1,"featured_media":0,"parent":0,"menu_order":0,"comment_status":"closed","ping_status":"closed","template":"elementor_header_footer","meta":{"_seopress_robots_primary_cat":"","_seopress_titles_title":"R\u00f3lunk - Malibu Marcelova s.r.o - Minden egy helyen","_seopress_titles_desc":"\u00c9lelmiszer, vegyi \u00e1ru (Malibu Market) \u2013 Vir\u00e1g-Aj\u00e1nd\u00e9k (Malibu Flora) - \u00c9tterem (Malibu Food) \u2013 v\u00e1rjuk kedves v\u00e1s\u00e1rl\u00f3inkat, vend\u00e9geinket!","_seopress_robots_index":"","footnotes":""},"class_list":["post-310","page","type-page","status-publish"],"_links":{"self":[{"href":"https:\/\/malibumarcelova.com\/sk\/wp-json\/wp\/v2\/pages\/310","targetHints":{"allow":["GET"]}}],"collection":[{"href":"https:\/\/malibumarcelova.com\/sk\/wp-json\/wp\/v2\/pages"}],"about":[{"href":"https:\/\/malibumarcelova.com\/sk\/wp-json\/wp\/v2\/types\/page"}],"author":[{"embeddable":true,"href":"https:\/\/malibumarcelova.com\/sk\/wp-json\/wp\/v2\/users\/1"}],"replies":[{"embeddable":true,"href":"https:\/\/malibumarcelova.com\/sk\/wp-json\/wp\/v2\/comments?post=310"}],"version-history":[{"count":107,"href":"https:\/\/malibumarcelova.com\/sk\/wp-json\/wp\/v2\/pages\/310\/revisions"}],"predecessor-version":[{"id":1808,"href":"https:\/\/malibumarcelova.com\/sk\/wp-json\/wp\/v2\/pages\/310\/revisions\/1808"}],"wp:attachment":[{"href":"https:\/\/malibumarcelova.com\/sk\/wp-json\/wp\/v2\/media?parent=310"}],"curies":[{"name":"wp","href":"https:\/\/api.w.org\/{rel}","templated":true}]}}