{"id":721,"date":"2022-11-07T14:30:50","date_gmt":"2022-11-07T14:30:50","guid":{"rendered":"https:\/\/malibumarcelova.com\/?page_id=721"},"modified":"2023-07-13T05:48:04","modified_gmt":"2023-07-13T05:48:04","slug":"impresszum","status":"publish","type":"page","link":"https:\/\/malibumarcelova.com\/sk\/impresszum\/","title":{"rendered":"odtla\u010dok"},"content":{"rendered":"<div data-elementor-type=\"wp-page\" data-elementor-id=\"721\" class=\"elementor elementor-721\" data-elementor-post-type=\"page\">\n\t\t\t\t\t\t<section class=\"elementor-section elementor-top-section elementor-element elementor-element-aaa8592 elementor-section-stretched elementor-section-full_width elementor-section-height-min-height elementor-section-items-bottom elementor-section-content-bottom elementor-section-height-default\" data-id=\"aaa8592\" data-element_type=\"section\" data-e-type=\"section\" data-settings=\"{&quot;stretch_section&quot;:&quot;section-stretched&quot;,&quot;background_background&quot;:&quot;classic&quot;}\">\n\t\t\t\t\t\t<div class=\"elementor-container elementor-column-gap-default\">\n\t\t\t\t\t<div class=\"elementor-column elementor-col-50 elementor-top-column elementor-element elementor-element-c10ba65\" data-id=\"c10ba65\" data-element_type=\"column\" data-e-type=\"column\">\n\t\t\t<div class=\"elementor-widget-wrap\">\n\t\t\t\t\t\t\t<\/div>\n\t\t<\/div>\n\t\t\t\t<div class=\"elementor-column elementor-col-50 elementor-top-column elementor-element elementor-element-acbf498\" data-id=\"acbf498\" data-element_type=\"column\" data-e-type=\"column\" data-settings=\"{&quot;background_background&quot;:&quot;classic&quot;}\">\n\t\t\t<div class=\"elementor-widget-wrap elementor-element-populated\">\n\t\t\t\t\t\t<div class=\"elementor-element elementor-element-0778d2d elementor-widget elementor-widget-heading\" data-id=\"0778d2d\" data-element_type=\"widget\" data-e-type=\"widget\" data-widget_type=\"heading.default\">\n\t\t\t\t<div class=\"elementor-widget-container\">\n\t\t\t\t\t<h2 class=\"elementor-heading-title elementor-size-default\">Malibu Marcelova s.r.o<\/h2>\t\t\t\t<\/div>\n\t\t\t\t<\/div>\n\t\t\t\t<div class=\"elementor-element elementor-element-99ce326 elementor-widget elementor-widget-heading\" data-id=\"99ce326\" data-element_type=\"widget\" data-e-type=\"widget\" data-widget_type=\"heading.default\">\n\t\t\t\t<div class=\"elementor-widget-container\">\n\t\t\t\t\t<h2 class=\"elementor-heading-title elementor-size-default\">V\u0161etko na jednom mieste<\/h2>\t\t\t\t<\/div>\n\t\t\t\t<\/div>\n\t\t\t\t<div class=\"elementor-element elementor-element-5eb92d8 elementor-widget elementor-widget-text-editor\" data-id=\"5eb92d8\" data-element_type=\"widget\" data-e-type=\"widget\" data-widget_type=\"text-editor.default\">\n\t\t\t\t<div class=\"elementor-widget-container\">\n\t\t\t\t\t\t\t\t\t<p>Obchod s potravinami a zmie\u0161an\u00fdm tovarom<\/p><p>Re\u0161taur\u00e1cia a kr\u010dma<\/p><p>Kvetinov\u00fd obchod so suven\u00edrmi<\/p>\t\t\t\t\t\t\t\t<\/div>\n\t\t\t\t<\/div>\n\t\t\t\t\t<\/div>\n\t\t<\/div>\n\t\t\t\t\t<\/div>\n\t\t<\/section>\n\t\t\t\t<section class=\"elementor-section elementor-top-section elementor-element elementor-element-a748871 elementor-section-content-middle elementor-section-stretched elementor-section-boxed elementor-section-height-default elementor-section-height-default\" data-id=\"a748871\" data-element_type=\"section\" data-e-type=\"section\" data-settings=\"{&quot;stretch_section&quot;:&quot;section-stretched&quot;}\">\n\t\t\t\t\t\t<div class=\"elementor-container elementor-column-gap-default\">\n\t\t\t\t\t<div class=\"elementor-column elementor-col-100 elementor-top-column elementor-element elementor-element-f5f43a4\" data-id=\"f5f43a4\" data-element_type=\"column\" data-e-type=\"column\">\n\t\t\t<div class=\"elementor-widget-wrap elementor-element-populated\">\n\t\t\t\t\t\t<div class=\"elementor-element elementor-element-dddd751 elementor-widget elementor-widget-heading\" data-id=\"dddd751\" data-element_type=\"widget\" data-e-type=\"widget\" data-widget_type=\"heading.default\">\n\t\t\t\t<div class=\"elementor-widget-container\">\n\t\t\t\t\t<h2 class=\"elementor-heading-title elementor-size-default\">Malibu<\/h2>\t\t\t\t<\/div>\n\t\t\t\t<\/div>\n\t\t\t\t<div class=\"elementor-element elementor-element-86bbe95 elementor-widget elementor-widget-heading\" data-id=\"86bbe95\" data-element_type=\"widget\" data-e-type=\"widget\" data-widget_type=\"heading.default\">\n\t\t\t\t<div class=\"elementor-widget-container\">\n\t\t\t\t\t<h2 class=\"elementor-heading-title elementor-size-default\">odtla\u010dok<\/h2>\t\t\t\t<\/div>\n\t\t\t\t<\/div>\n\t\t\t\t<div class=\"elementor-element elementor-element-8348ebb elementor-widget elementor-widget-text-editor\" data-id=\"8348ebb\" data-element_type=\"widget\" data-e-type=\"widget\" data-widget_type=\"text-editor.default\">\n\t\t\t\t<div class=\"elementor-widget-container\">\n\t\t\t\t\t\t\t\t\t<p>N\u00e1zov firmy: MALIBU Marcelov\u00e1 sro<br \/>Adresa: 94632 Marcelov\u00e1 Lipovy rad 32.<br \/>Telef\u00f3n: 00 421 905 345 373<br \/>Email: info@malibumarcelova.com<br \/>Internet: malibumarcelova.com<br \/>DI\u010c: SK2121142122<\/p><p>Poskytovate\u013e hostingov\u00fdch slu\u017eieb: RACKFOREST INFORMATICA COMMERCIAL SERVICE AND CONSULTING KFT. (1132 Budape\u0161\u0165, Victor Hugo utca 18-22, 3. em. 3008 a. info@rackforest.hu)<\/p>\t\t\t\t\t\t\t\t<\/div>\n\t\t\t\t<\/div>\n\t\t\t\t\t<\/div>\n\t\t<\/div>\n\t\t\t\t\t<\/div>\n\t\t<\/section>\n\t\t\t\t<\/div>","protected":false},"excerpt":{"rendered":"<p>Malibu Marcelova s.r.o Minden egy helyen \u00c9lelmiszer \u00e9s vegyesbolt \u00c9tterem \u00e9s s\u00f6r\u00f6z\u0151 Vir\u00e1g-Aj\u00e1nd\u00e9k \u00fczlet Malibu Impresszum C\u00e9gn\u00e9v: MALIBU Marcelov\u00e1 s.r.o. C\u00edm: 94632 Marcelov\u00e1 Lipovy rad 32. Telefon: 00 421 905 345 373 E-mail: info@malibumarcelova.com Internet: malibumarcelova.com Ad\u00f3sz\u00e1m: SK2121142122 T\u00e1rhelyszolg\u00e1ltat\u00f3: RACKFOREST INFORMATIKAI KERESKEDELMI SZOLG\u00c1LTAT\u00d3 \u00c9S TAN\u00c1CSAD\u00d3 KFT. (1132 Budapest, Victor Hugo utca 18-22, 3. em. 3008 &#8230; <a title=\"odtla\u010dok\" class=\"read-more\" href=\"https:\/\/malibumarcelova.com\/sk\/impresszum\/\" aria-label=\"Pre\u010d\u00edtajte si viac o Impresszum\">\u010c\u00edtaj viac<\/a><\/p>","protected":false},"author":1,"featured_media":0,"parent":0,"menu_order":0,"comment_status":"closed","ping_status":"closed","template":"elementor_header_footer","meta":{"_seopress_robots_primary_cat":"","_seopress_titles_title":"Impresszum - Malibu Marcelova s.r.o - Minden egy helyen","_seopress_titles_desc":"\u00c9lelmiszer, vegyi \u00e1ru (Malibu Market) \u2013 Vir\u00e1g-Aj\u00e1nd\u00e9k (Malibu Flora) - \u00c9tterem (Malibu Food) \u2013 v\u00e1rjuk kedves v\u00e1s\u00e1rl\u00f3inkat, vend\u00e9geinket!","_seopress_robots_index":"","footnotes":""},"class_list":["post-721","page","type-page","status-publish"],"_links":{"self":[{"href":"https:\/\/malibumarcelova.com\/sk\/wp-json\/wp\/v2\/pages\/721","targetHints":{"allow":["GET"]}}],"collection":[{"href":"https:\/\/malibumarcelova.com\/sk\/wp-json\/wp\/v2\/pages"}],"about":[{"href":"https:\/\/malibumarcelova.com\/sk\/wp-json\/wp\/v2\/types\/page"}],"author":[{"embeddable":true,"href":"https:\/\/malibumarcelova.com\/sk\/wp-json\/wp\/v2\/users\/1"}],"replies":[{"embeddable":true,"href":"https:\/\/malibumarcelova.com\/sk\/wp-json\/wp\/v2\/comments?post=721"}],"version-history":[{"count":8,"href":"https:\/\/malibumarcelova.com\/sk\/wp-json\/wp\/v2\/pages\/721\/revisions"}],"predecessor-version":[{"id":1770,"href":"https:\/\/malibumarcelova.com\/sk\/wp-json\/wp\/v2\/pages\/721\/revisions\/1770"}],"wp:attachment":[{"href":"https:\/\/malibumarcelova.com\/sk\/wp-json\/wp\/v2\/media?parent=721"}],"curies":[{"name":"wp","href":"https:\/\/api.w.org\/{rel}","templated":true}]}}