{"id":728,"date":"2022-11-07T14:35:11","date_gmt":"2022-11-07T14:35:11","guid":{"rendered":"https:\/\/malibumarcelova.com\/?page_id=728"},"modified":"2023-07-13T05:49:23","modified_gmt":"2023-07-13T05:49:23","slug":"adatkezelesi-szabalyzat","status":"publish","type":"page","link":"https:\/\/malibumarcelova.com\/sk\/adatkezelesi-szabalyzat\/","title":{"rendered":"Politika spr\u00e1vy \u00fadajov"},"content":{"rendered":"<div data-elementor-type=\"wp-page\" data-elementor-id=\"728\" class=\"elementor elementor-728\" data-elementor-post-type=\"page\">\n\t\t\t\t\t\t<section class=\"elementor-section elementor-top-section elementor-element elementor-element-e7df3f6 elementor-section-stretched elementor-section-full_width elementor-section-height-min-height elementor-section-items-bottom elementor-section-content-bottom elementor-section-height-default\" data-id=\"e7df3f6\" data-element_type=\"section\" data-e-type=\"section\" data-settings=\"{&quot;stretch_section&quot;:&quot;section-stretched&quot;,&quot;background_background&quot;:&quot;classic&quot;}\">\n\t\t\t\t\t\t<div class=\"elementor-container elementor-column-gap-default\">\n\t\t\t\t\t<div class=\"elementor-column elementor-col-50 elementor-top-column elementor-element elementor-element-5600820\" data-id=\"5600820\" data-element_type=\"column\" data-e-type=\"column\">\n\t\t\t<div class=\"elementor-widget-wrap\">\n\t\t\t\t\t\t\t<\/div>\n\t\t<\/div>\n\t\t\t\t<div class=\"elementor-column elementor-col-50 elementor-top-column elementor-element elementor-element-2445732\" data-id=\"2445732\" data-element_type=\"column\" data-e-type=\"column\" data-settings=\"{&quot;background_background&quot;:&quot;classic&quot;}\">\n\t\t\t<div class=\"elementor-widget-wrap elementor-element-populated\">\n\t\t\t\t\t\t<div class=\"elementor-element elementor-element-738b8a0 elementor-widget elementor-widget-heading\" data-id=\"738b8a0\" data-element_type=\"widget\" data-e-type=\"widget\" data-widget_type=\"heading.default\">\n\t\t\t\t<div class=\"elementor-widget-container\">\n\t\t\t\t\t<h2 class=\"elementor-heading-title elementor-size-default\">Malibu Marcelova s.r.o<\/h2>\t\t\t\t<\/div>\n\t\t\t\t<\/div>\n\t\t\t\t<div class=\"elementor-element elementor-element-a24483e elementor-widget elementor-widget-heading\" data-id=\"a24483e\" data-element_type=\"widget\" data-e-type=\"widget\" data-widget_type=\"heading.default\">\n\t\t\t\t<div class=\"elementor-widget-container\">\n\t\t\t\t\t<h2 class=\"elementor-heading-title elementor-size-default\">V\u0161etko na jednom mieste<\/h2>\t\t\t\t<\/div>\n\t\t\t\t<\/div>\n\t\t\t\t<div class=\"elementor-element elementor-element-1231ab8 elementor-widget elementor-widget-text-editor\" data-id=\"1231ab8\" data-element_type=\"widget\" data-e-type=\"widget\" data-widget_type=\"text-editor.default\">\n\t\t\t\t<div class=\"elementor-widget-container\">\n\t\t\t\t\t\t\t\t\t<p>Obchod s potravinami a zmie\u0161an\u00fdm tovarom<\/p><p>Re\u0161taur\u00e1cia a kr\u010dma<\/p><p>Kvetinov\u00fd obchod so suven\u00edrmi<\/p>\t\t\t\t\t\t\t\t<\/div>\n\t\t\t\t<\/div>\n\t\t\t\t\t<\/div>\n\t\t<\/div>\n\t\t\t\t\t<\/div>\n\t\t<\/section>\n\t\t\t\t<section class=\"elementor-section elementor-top-section elementor-element elementor-element-d20c4ae elementor-section-content-middle elementor-section-stretched elementor-section-boxed elementor-section-height-default elementor-section-height-default\" data-id=\"d20c4ae\" data-element_type=\"section\" data-e-type=\"section\" data-settings=\"{&quot;stretch_section&quot;:&quot;section-stretched&quot;}\">\n\t\t\t\t\t\t<div class=\"elementor-container elementor-column-gap-default\">\n\t\t\t\t\t<div class=\"elementor-column elementor-col-100 elementor-top-column elementor-element elementor-element-dcb7537\" data-id=\"dcb7537\" data-element_type=\"column\" data-e-type=\"column\">\n\t\t\t<div class=\"elementor-widget-wrap elementor-element-populated\">\n\t\t\t\t\t\t<div class=\"elementor-element elementor-element-cfd7918 elementor-widget elementor-widget-heading\" data-id=\"cfd7918\" data-element_type=\"widget\" data-e-type=\"widget\" data-widget_type=\"heading.default\">\n\t\t\t\t<div class=\"elementor-widget-container\">\n\t\t\t\t\t<h2 class=\"elementor-heading-title elementor-size-default\">Malibu<\/h2>\t\t\t\t<\/div>\n\t\t\t\t<\/div>\n\t\t\t\t<div class=\"elementor-element elementor-element-dfa74b9 elementor-widget elementor-widget-heading\" data-id=\"dfa74b9\" data-element_type=\"widget\" data-e-type=\"widget\" data-widget_type=\"heading.default\">\n\t\t\t\t<div class=\"elementor-widget-container\">\n\t\t\t\t\t<h2 class=\"elementor-heading-title elementor-size-default\">Politika spr\u00e1vy \u00fadajov<\/h2>\t\t\t\t<\/div>\n\t\t\t\t<\/div>\n\t\t\t\t<div class=\"elementor-element elementor-element-f7c331c elementor-widget elementor-widget-text-editor\" data-id=\"f7c331c\" data-element_type=\"widget\" data-e-type=\"widget\" data-widget_type=\"text-editor.default\">\n\t\t\t\t<div class=\"elementor-widget-container\">\n\t\t\t\t\t\t\t\t\t<p>Vami poskytnut\u00e9 osobn\u00e9 \u00fadaje spravuje:<\/p><p>MALIBU Marcelov\u00e1 sro<br \/>S\u00eddlo: 94632 Marcelov\u00e1 Lipovy rad 32.<\/p><p>V pr\u00edpade individu\u00e1lneho alebo jedin\u00e9ho vlastn\u00edka:<br \/>DI\u010c: SK2121142122<\/p><p><br \/>Registrov\u00fd s\u00fad: Company Court of the Tribunal - \u010falej: Data Controller.<\/p><p>Pozorne si pre\u010d\u00edtajte na\u0161e inform\u00e1cie o spr\u00e1ve \u00fadajov (\u010falej len: Inform\u00e1cie), v ktor\u00fdch popisujeme na\u0161u prax t\u00fdkaj\u00facu sa spr\u00e1vy va\u0161ich osobn\u00fdch \u00fadajov v s\u00falade so v\u0161eobecn\u00fdm nariaden\u00edm o ochrane \u00fadajov (GDPR, t. j. Nariaden\u00edm Eur\u00f3pskeho parlamentu a Rady 2016\/679). Toto Ozn\u00e1menie sa vz\u0165ahuje na osoby (vy), ktor\u00e9 ako spotrebitelia vyu\u017e\u00edvaj\u00fa slu\u017eby spr\u00e1vcu \u00fadajov. Ukazuje, ako Prev\u00e1dzkovate\u013e v ur\u010dit\u00fdch pr\u00edpadoch zhroma\u017e\u010fuje, pou\u017e\u00edva a zdie\u013ea va\u0161e osobn\u00e9 \u00fadaje s tret\u00edmi stranami, a tie\u017e poskytuje inform\u00e1cie o va\u0161ich pr\u00e1vach \u201edotknutej osoby\u201c s\u00favisiacich so spr\u00e1vou \u00fadajov.<\/p><p>Spr\u00e1vca \u00fadajov sa zav\u00e4zuje chr\u00e1ni\u0165 osobn\u00e9 \u00fadaje a s\u00fakromie jednotlivcov nav\u0161tevuj\u00facich t\u00fato webov\u00fa str\u00e1nku. Tieto inform\u00e1cie a vyhl\u00e1senie sa t\u00fdkaj\u00fa predov\u0161etk\u00fdm d\u00f4vern\u00e9ho spravovania a ochrany osobn\u00fdch \u00fadajov z\u00e1kazn\u00edkov a odberate\u013eov newslettera prostredn\u00edctvom internetu, to sa v\u0161ak t\u00fdka aj n\u00e1v\u0161tevn\u00edkov str\u00e1nky. Zhrnieme, ako m\u00f4\u017ee vlastn\u00edk zhroma\u017e\u010fova\u0165 a pou\u017e\u00edva\u0165 va\u0161e \u00fadaje a ak\u00fdm sp\u00f4sobom ich m\u00f4\u017ee pou\u017ei\u0165. \u00dadaje nebud\u00fa poskytnut\u00e9 neopr\u00e1vnen\u00fdm osob\u00e1m a bud\u00fa pou\u017eit\u00e9 vo forme uvedenej v t\u00fdchto inform\u00e1ci\u00e1ch.<\/p><p>V jednotliv\u00fdch pr\u00edpadoch v zmluv\u00e1ch m\u00f4\u017ee by\u0165 \u00fa\u010del spr\u00e1vy \u00fadajov zmenen\u00fd, \u010do sa deje za podmienok stanoven\u00fdch v danej zmluve.<\/p><p>Informa\u010dn\u00fd list v\u00e1m poskytuje d\u00f4le\u017eit\u00e9 inform\u00e1cie o ochrane va\u0161ich osobn\u00fdch \u00fadajov a va\u0161ich s\u00favisiacich pr\u00e1vach. Ak pou\u017e\u00edvate\u013e tieto podmienky neprijme, m\u00e1 pr\u00e1vo pozastavi\u0165 pou\u017e\u00edvanie webovej str\u00e1nky a ukon\u010di\u0165 prehliadanie bez poskytnutia osobn\u00fdch \u00fadajov.<\/p><p>ZODPOVEDNOS\u0164 A DOSTUPNOS\u0164 SPR\u00c1VCA \u00daDAJOV<\/p><p>1.1 Inform\u00e1cie o spr\u00e1ve \u00fadajov<\/p><p>Prev\u00e1dzkovate\u013eom \u00fadajov v s\u00favislosti so spr\u00e1vou \u00fadajov pop\u00edsanou v tomto informa\u010dnom liste je MALIBU Marcelov\u00e1 sro (\u010falej len \u201espr\u00e1vca \u00fadajov\u201c).<\/p><p>V pr\u00edpade pripomienok, ot\u00e1zok alebo s\u0165a\u017enost\u00ed t\u00fdkaj\u00facich sa na\u0161ich postupov ochrany \u00fadajov sme V\u00e1m k dispoz\u00edcii na t\u00fdchto kontaktn\u00fdch \u00fadajoch: MALIBU Marcelov\u00e1 sro, 94632 Marcelov\u00e1 Lipovy rad 32. alebo nap\u00ed\u0161te na e-mailov\u00fa adresu info@malibumarcelova.com.<\/p><p><br \/>Zodpovednosti spr\u00e1vcu \u00fadajov<br \/>MALIBU Marcelov\u00e1 sro, 94632 Marcelov\u00e1 Lipov\u00fd rad 32. V\u0161etky \u010dinnosti<\/p><p><br \/>Pod\u013ea v\u00e1\u0161ho v\u00fdberu m\u00e1te pr\u00e1vo na pr\u00edstup k na\u0161im webov\u00fdm str\u00e1nkam bez poskytnutia va\u0161ich osobn\u00fdch \u00fadajov, ale pre prehliadanie je nevyhnutn\u00e9 akceptova\u0165 z\u00e1sady pou\u017e\u00edvania s\u00faborov cookie a v pr\u00edpade prihl\u00e1senia sa na odber newslettera ods\u00fahlasi\u0165 inform\u00e1cie a vyhl\u00e1senie o ochrane \u00fadajov . Osobn\u00e9 \u00fadaje s\u00fa v\u0161etky inform\u00e1cie, ktor\u00e9 sa t\u00fdkaj\u00fa fyzickej osoby, ktor\u00fa mo\u017eno nepriamo alebo priamo identifikova\u0165 pod\u013ea identifika\u010dn\u00e9ho \u010d\u00edsla alebo na z\u00e1klade s\u00favisiacich \u00fadajov. V pr\u00edpade, \u017ee Vlastn\u00edk str\u00e1nky zhroma\u017e\u010fuje va\u0161e osobn\u00e9 \u00fadaje, zbieranie \u00fadajov sa vykon\u00e1va transparentnou a d\u00f4vernou spr\u00e1vou \u00fadajov.<\/p><p>Va\u0161e osobn\u00e9 \u00fadaje s\u00fa inform\u00e1cie, ktor\u00e9 je mo\u017en\u00e9 pou\u017ei\u0165 na va\u0161u identifik\u00e1ciu, napr\u00edklad: priezvisko, meno, \u0161t\u00e1tna pr\u00edslu\u0161nos\u0165, telef\u00f3nne \u010d\u00edslo, po\u0161tov\u00e1 adresa, e-mailov\u00e1 adresa. Va\u0161e osobn\u00e9 \u00fadaje zhroma\u017e\u010fuje vlastn\u00edk dobrovo\u013ene pri prehliadan\u00ed str\u00e1nky, pri\u010dom v ka\u017edom pr\u00edpade uv\u00e1dza \u00fadaje, ktor\u00e9 musia by\u0165 poskytnut\u00e9 na dosiahnutie cie\u013ea. Ak si tieto \u00fadaje ne\u017eel\u00e1te poskytn\u00fa\u0165, nebudete ma\u0165 pr\u00edstup k niektor\u00fdm funkci\u00e1m a slu\u017eb\u00e1m webovej str\u00e1nky. Zhroma\u017e\u010fovanie volite\u013en\u00fdch \u00fadajov sa pou\u017e\u00edva na z\u00edskanie inform\u00e1ci\u00ed o potreb\u00e1ch pou\u017e\u00edvate\u013eov a na v\u00fdvoj webovej str\u00e1nky a slu\u017eieb.<\/p><p>Vlastn\u00edk prij\u00edma v\u0161etky opatrenia, aby zabezpe\u010dil, \u017ee osobn\u00e9 \u00fadaje, ktor\u00e9 spravuje, s\u00fa presn\u00e9 a aktu\u00e1lne.<\/p><p>Sprac\u00favaj\u00fa sa nasledovn\u00e9 osobn\u00e9 \u00fadaje:<\/p><p>\u25cf Priezvisko, meno, n\u00e1zov spolo\u010dnosti a kontaktn\u00e9 meno (v pr\u00edpade spolo\u010dnosti)<br \/>\u25cf Adresa s\u00eddla (v pr\u00edpade spolo\u010dnosti), adresa bydliska, po\u0161tov\u00e1 adresa<br \/>\u25cf E-mailov\u00e1 adresa<br \/>\u25cf Telef\u00f3nne \u010d\u00edslo<br \/>\u25cf Syst\u00e9mov\u00e9 inform\u00e1cie (IP adresa, verzia syst\u00e9mu, rozl\u00ed\u0161enie, \u0161tatistiky str\u00e1nok zobrazen\u00fdch na webe, zvyky prehliadania, vzor spr\u00e1vania)<\/p><p>Trvanie spr\u00e1vy \u00fadajov:<\/p><p>\u25cf Pokia\u013e ide o pr\u00edspevky na priamy marketing, do odvolania s\u00fahlasu pou\u017e\u00edvate\u013ea<br \/>\u25cf Pokia\u013e ide o profilov\u00e9 \u00fadaje, 4 roky od posledn\u00e9ho prihl\u00e1senia<br \/>\u25cf Pokia\u013e ide o \u00fadaje o n\u00e1kupe, \u00da\u010det. TV. Na z\u00e1klade \u00a7 169 ods. (2) 8 rokov<\/p><p>Podmienky prenosu d\u00e1t<\/p><p>Spr\u00e1vca \u00fadajov m\u00f4\u017ee v nevyhnutnom rozsahu odovzda\u0165 \u00fadaje, ktor\u00e9 spravuje, n\u00edm ur\u010den\u00fdm osob\u00e1m a spolo\u010dnostiam p\u00f4sobiacim v nasleduj\u00facich oblastiach:<\/p><p>\u25cf Spracovanie \u00fadajov<br \/>\u25cf Pr\u00e1vne zast\u00fapenie<br \/>\u25cf Org\u00e1ny opr\u00e1vnen\u00e9 rie\u0161i\u0165 pr\u00e1vne spory pod\u013ea z\u00e1kona<br \/>\u25cf Doru\u010denie<br \/>\u25cf \u00da\u010dtovn\u00edctvo<br \/>\u25cf Spr\u00e1va poh\u013ead\u00e1vok<br \/>\u25cf Marketing<br \/>\u25cf Faktur\u00e1cia<\/p><p>Spracovatelia \u00fadajov<\/p><p>Pri n\u00e1kupe v internetovom obchode Prev\u00e1dzkovate\u013e (na z\u00e1klade Pou\u017e\u00edvate\u013eom zadan\u00e9ho sp\u00f4sobu doru\u010denia) pren\u00e1\u0161a meno Pou\u017e\u00edvate\u013ea, dodaciu adresu (v pr\u00edpade kuri\u00e9rskej slu\u017eby e-mailov\u00fa adresu a telef\u00f3nne \u010d\u00edslo \u2013 za \u00fa\u010delom koordin\u00e1cie). d\u00e1tum dodania), ako aj inform\u00e1cie o k\u00fapnej cene produktu, ktor\u00e1 m\u00e1 by\u0165 prevzat\u00e1 (v niektor\u00fdch pr\u00edpadoch vopred z\u00fa\u010dtovan\u00e1) pre doru\u010dovaciu spolo\u010dnos\u0165, za \u00fa\u010delom doru\u010denia produktu U\u017e\u00edvate\u013eovi.<br \/>Spolo\u010dnosti a osoby zapojen\u00e9 do spracovania alebo spr\u00e1vy \u00fadajov<\/p><p>\u00dadaje spravuje majite\u013e, MALIBU Marcelov\u00e1 s.r.o. Okrem vlastn\u00edka sa na spr\u00e1ve a uchov\u00e1van\u00ed \u00fadajov zmluvn\u00fdch z\u00e1kazn\u00edkov podie\u013eaj\u00fa aj \u010fal\u0161ie spolo\u010dnosti.<\/p><p>Ktor\u00e9 spolo\u010dnosti s\u00fa napojen\u00e9 na spr\u00e1vu \u00fadajov?<\/p><p>Spolo\u010dnosti zapojen\u00e9 do spr\u00e1vy \u00fadajov po\u010das \u010dinnost\u00ed Vlastn\u00edka:<\/p><p>Je potrebn\u00e9 uvies\u0165 v\u0161etk\u00fdch poskytovate\u013eov slu\u017eieb, kde sa osobn\u00e9 \u00fadaje vyskytuj\u00fa:<br \/>\u25cf Poskytovate\u013e hostingov\u00fdch slu\u017eieb: RACKFOREST INFORMATICA KERSKELDAM SZOLG\u00c1L\u00c1T\u00c1TO A T\u00c1NACSAD\u00d3 KFT. (1132 Budape\u0161\u0165, Victor Hugo utca 18-22, 3. em. 3008 a. info@rackforest.hu)<br \/>\u25cf Google Inc.: 1600 Amphitheatre Parkway, Mountain View, CA 94043, USA, \u010fal\u0161ie kontaktn\u00e9 inform\u00e1cie, po\u0161tov\u00fd syst\u00e9m, \u00falo\u017eisko \u00fadajov a s\u00faborov v cloude, online spr\u00e1va dokumentov a s\u00favisiace slu\u017eby: Disk Google, Dokumenty Google, Konzola vyh\u013ead\u00e1vania Google, Google Analytics, Google AdSense, Google AdWords, YouTube, Blogger, podpora prehliada\u010da Chrome \u2013 ochrana \u00fadajov a princ\u00edpy ochrany \u00fadajov Google.<br \/>\u25cf Facebook Ireland Ltd.: 4 Grand Canal Square, Grand Canal Harbour, Dublin 2 Ireland, podpora pre Facebook, Instagram, Messenger a \u010fal\u0161ie produkty a funkcie pon\u00fakan\u00e9 Facebookom \u2013 z\u00e1sady spr\u00e1vy \u00fadajov a kontaktn\u00e9 inform\u00e1cie zodpovednej osoby.<br \/>\u25cf Twitter International Company: One Cumberland Place, Fenian Street, Dublin 2, D02 AX07 \u00cdRSKO, pou\u017e\u00edvanie produktov a funkci\u00ed pon\u00fakan\u00fdch Twitterom - politika spr\u00e1vy \u00fadajov a assf.<br \/>\u25cf V osobitn\u00fdch pr\u00edpadoch m\u00f4\u017ee zmluva zah\u0155\u0148a\u0165 \u010fal\u0161ie osoby alebo spolo\u010dnosti sprac\u00favaj\u00face \u00fadaje.<\/p><p>Pr\u00e1va na vlastn\u00edctvo \u00fadajov a ich presadzovanie<\/p><p>Ak si ne\u017eel\u00e1te, aby boli va\u0161e osobn\u00e9 \u00fadaje pou\u017eit\u00e9 na oznamovanie obchodn\u00fdch pon\u00fak, m\u00e1te pr\u00e1vo to zak\u00e1za\u0165 bez udania d\u00f4vodu. \u017diados\u0165 o vymazanie mus\u00edte zasla\u0165 spr\u00e1vcovi \u00fadajov p\u00edsomne, e-mailom alebo formou po\u0161tov\u00e9ho listu, na kontaktn\u00e9 \u00fadaje uveden\u00e9 v tir\u00e1\u017ei.<\/p><p>Ochrana osobn\u00fdch \u00fadajov neplnolet\u00fdch os\u00f4b a os\u00f4b s obmedzenou sp\u00f4sobilos\u0165ou na pr\u00e1vne \u00fakony<\/p><p>Internetov\u00e9 str\u00e1nky MALIBU Marcelov\u00e1 sro, ako aj obsah jej publik\u00e1ci\u00ed v\u00e4\u010d\u0161inou nie s\u00fa ur\u010den\u00e9 pre malolet\u00fdch do 13 rokov. Bez overite\u013en\u00e9ho s\u00fahlasu rodi\u010dov alebo opatrovn\u00edkov nespravujeme ani nezhroma\u017e\u010fujeme osobn\u00e9 \u00fadaje od det\u00ed mlad\u0161\u00edch ako 13 rokov. Rodi\u010dia alebo opatrovn\u00edci m\u00f4\u017eu po\u017eiada\u0165 o vydanie alebo vymazanie \u00fadajov die\u0165a\u0165a. Ak sa vek v priebehu spr\u00e1vy \u00fadajov a spracovania \u00fadajov prev\u00e1dzkovate\u013eovi uk\u00e1\u017ee, v takom pr\u00edpade m\u00f4\u017eu by\u0165 \u00fadaje pou\u017eit\u00e9 na z\u00edskanie s\u00fahlasu rodi\u010dov.<\/p><p>Na vyhl\u00e1senie nesp\u00f4sobil\u00e9ho alebo malolet\u00e9ho s obmedzenou sp\u00f4sobilos\u0165ou na pr\u00e1vne \u00fakony je potrebn\u00fd s\u00fahlas z\u00e1konn\u00e9ho z\u00e1stupcu, s v\u00fdnimkou slu\u017eobn\u00fdch \u010dast\u00ed zameran\u00fdch na evidenciu, ktor\u00e9 sa vyskytuj\u00fa v be\u017enom \u017eivote hromadne a nevy\u017eaduj\u00fa si osobitn\u00e9 zrete\u013ey.<\/p><p>Koncepty<\/p><p>\u25cf Spracovate\u013e \u00fadajov: fyzick\u00e1 alebo pr\u00e1vnick\u00e1 osoba, org\u00e1n verejnej moci, agent\u00fara alebo ak\u00fdko\u013evek in\u00fd subjekt, ktor\u00fd sprac\u00fava osobn\u00e9 \u00fadaje v mene prev\u00e1dzkovate\u013ea<br \/>\u25cf Spr\u00e1va \u00fadajov: ak\u00e1ko\u013evek oper\u00e1cia alebo s\u00fabor oper\u00e1ci\u00ed vykon\u00e1van\u00fdch s osobn\u00fdmi \u00fadajmi alebo d\u00e1tov\u00fdmi s\u00fabormi automatizovan\u00fdm alebo neautomatizovan\u00fdm sp\u00f4sobom, napr\u00edklad: zhroma\u017e\u010fovanie, zaznamen\u00e1vanie, organiz\u00e1cia, segment\u00e1cia, ukladanie, transform\u00e1cia, zmena, dotazovanie, n\u00e1h\u013ead, pou\u017e\u00edvanie, komunik\u00e1cia , prenos, distrib\u00facia, in\u00fdm sp\u00f4sobom spr\u00edstup\u0148ovanie, koordin\u00e1cia, prep\u00e1janie, obmedzovanie, vymaz\u00e1vanie, ni\u010denie<br \/>\u25cf Prenos \u00fadajov: spr\u00edstupnenie osobn\u00fdch \u00fadajov spravovan\u00fdch Spr\u00e1vcom \u00fadajov tret\u00edm stran\u00e1m<br \/>\u25cf Incident ochrany \u00fadajov: poru\u0161enie bezpe\u010dnosti, ktor\u00e9 m\u00e1 za n\u00e1sledok n\u00e1hodn\u00e9 alebo nez\u00e1konn\u00e9 zni\u010denie, stratu, zmenu, neopr\u00e1vnen\u00e9 zverejnenie alebo neopr\u00e1vnen\u00fd pr\u00edstup k pren\u00e1\u0161an\u00fdm, uchov\u00e1van\u00fdm alebo in\u00fdm sp\u00f4sobom sprac\u00favan\u00fdm osobn\u00fdm \u00fadajom<br \/>\u25cf VOP: V\u0161eobecn\u00e9 obchodn\u00e9 podmienky zverejnen\u00e9 na webovej str\u00e1nke, ktor\u00e9 zaznamen\u00e1vaj\u00fa pravidl\u00e1 predaja produktov a slu\u017eieb Prev\u00e1dzkovate\u013ea<br \/>\u25cf Identifikovate\u013en\u00e1 fyzick\u00e1 osoba: fyzick\u00e1 osoba, ktor\u00e1 m\u00e1 priamo alebo nepriamo identifik\u00e1tor, napr\u00edklad: meno, identifika\u010dn\u00e9 \u010d\u00edslo, lokaliza\u010dn\u00e9 \u00fadaje, online identifik\u00e1tor, na z\u00e1klade jedn\u00e9ho alebo viacer\u00fdch faktorov s\u00favisiacich s jej fyzick\u00fdmi, fyziologick\u00fdmi, genetick\u00fdmi, psychick\u00fdmi mo\u017eno identifikova\u0165 ekonomick\u00fa, kult\u00farnu alebo soci\u00e1lnu identitu<br \/>\u25cf Pr\u00edjemca: fyzick\u00e1 alebo pr\u00e1vnick\u00e1 osoba, org\u00e1n verejnej moci, agent\u00fara alebo ak\u00fdko\u013evek in\u00fd org\u00e1n, ktor\u00e9mu sa osobn\u00e9 \u00fadaje poskytuj\u00fa, bez oh\u013eadu na to, \u010di ide o tretiu stranu<br \/>\u25cf S\u00fahlas dotknutej osoby: dobrovo\u013en\u00e9, konkr\u00e9tne, jasn\u00e9 vyhl\u00e1senie v\u00f4le dotknutej osoby na z\u00e1klade primeran\u00fdch inform\u00e1ci\u00ed, s ktor\u00fdm dotknut\u00e1 osoba prejav\u00ed vyhl\u00e1sen\u00edm alebo \u00fakonom jasne vyjadruj\u00facim potvrdenie, \u017ee d\u00e1va s\u00fahlas. na sprac\u00favanie jeho osobn\u00fdch \u00fadajov<br \/>\u25cf Dotknut\u00e1 osoba: fyzick\u00e1 osoba identifikovan\u00e1 alebo identifikovate\u013en\u00e1 na z\u00e1klade ak\u00fdchko\u013evek inform\u00e1ci\u00ed<br \/>\u25cf Pou\u017e\u00edvatelia: n\u00e1v\u0161tevn\u00edci webov\u00fdch str\u00e1nok prev\u00e1dzkovan\u00fdch spr\u00e1vcom \u00fadajov dostupn\u00fdch na webovej str\u00e1nke https:\/\/malibumarcelova.com a na \u010fal\u0161\u00edch adres\u00e1ch tam uveden\u00fdch<br \/>\u25cf Tretia strana: fyzick\u00e1 alebo pr\u00e1vnick\u00e1 osoba, org\u00e1n verejnej moci, agent\u00fara alebo ak\u00fdko\u013evek in\u00fd subjekt, ktor\u00fd nie je rovnak\u00fd ako dotknut\u00e1 osoba, spr\u00e1vca \u00fadajov, spracovate\u013e \u00fadajov alebo osoby, ktor\u00e9 boli poveren\u00e9 sprac\u00favan\u00edm osobn\u00fdch \u00fadajov pod priamou kontrolou spr\u00e1vcu \u00fadajov alebo spracovate\u013ea \u00fadajov<br \/>\u25cf \u00darad: N\u00e1rodn\u00fd \u00farad pre ochranu \u00fadajov a slobodu inform\u00e1ci\u00ed (s\u00eddlo: 1125 Budape\u0161\u0165, Szil\u00e1gyi Erzs\u00e9bet fasor 22\/c., telef\u00f3n: 06-1 391-1400, fax: 06-1 391-1410, e-mail: ugyfelszolgalat@naih .hu, webov\u00e1 str\u00e1nka: naih.hu)<br \/>\u25cf Partner\/Z\u00e1kazn\u00edk: fyzick\u00e1 osoba, ktor\u00e1 neuzavrie so Prev\u00e1dzkovate\u013eom \u00fadajov na webovej str\u00e1nke zmluvu o predaji produktov alebo poskytovan\u00ed slu\u017eieb<br \/>\u25cf Registr\u00e1cia: zaznamen\u00e1vanie osobn\u00fdch \u00fadajov pou\u017e\u00edvate\u013ea webovej str\u00e1nky, ktor\u00fd vytv\u00e1ra pou\u017e\u00edvate\u013esk\u00fd \u00fa\u010det<br \/>\u25cf Osobn\u00e9 \u00fadaje: ak\u00e9ko\u013evek inform\u00e1cie o dotknutej osobe<br \/>\u25cf Slu\u017eba: podrobn\u00fd predaj produktov a \u010fal\u0161ie slu\u017eby poskytovan\u00e9 prev\u00e1dzkovate\u013eom \u00fadajov svojim z\u00e1kazn\u00edkom, partnerom a pou\u017e\u00edvate\u013eom na webovej lokalite alebo in\u00fdmi sp\u00f4sobmi<br \/>\u25cf Webov\u00e9 str\u00e1nky: webov\u00e9 str\u00e1nky spolo\u010dnosti MALIBU Marcelov\u00e1 sro prev\u00e1dzkovan\u00e9 Prev\u00e1dzkovate\u013eom a dostupn\u00e9 na \u010fal\u0161\u00edch adres\u00e1ch tam uveden\u00fdch.<\/p>\t\t\t\t\t\t\t\t<\/div>\n\t\t\t\t<\/div>\n\t\t\t\t\t<\/div>\n\t\t<\/div>\n\t\t\t\t\t<\/div>\n\t\t<\/section>\n\t\t\t\t<\/div>","protected":false},"excerpt":{"rendered":"<p>Malibu Marcelova s.r.o Minden egy helyen \u00c9lelmiszer \u00e9s vegyesbolt \u00c9tterem \u00e9s s\u00f6r\u00f6z\u0151 Vir\u00e1g-Aj\u00e1nd\u00e9k \u00fczlet Malibu Adatkezel\u00e9si szab\u00e1lyzat Az \u00d6n \u00e1ltal megadott szem\u00e9lyes adatokat kezeli: MALIBU Marcelov\u00e1 s.r.o. Sz\u00e9khely: 94632 Marcelov\u00e1 Lipovy rad 32. Mag\u00e1nszem\u00e9ly, egy\u00e9ni v\u00e1llalkoz\u00e1s eset\u00e9n: Ad\u00f3sz\u00e1m: SK2121142122 Nyilv\u00e1ntart\u00e1sba bejegyz\u0151 b\u00edr\u00f3s\u00e1g: T\u00f6rv\u00e9nysz\u00e9k C\u00e9gb\u00edr\u00f3s\u00e1ga &#8211; a tov\u00e1bbiakban: Adatkezel\u0151. K\u00e9rj\u00fck, figyelmesen olvassa el jelen adatkezel\u00e9si t\u00e1j\u00e9koztat\u00f3nkat &#8230; <a title=\"Politika spr\u00e1vy \u00fadajov\" class=\"read-more\" href=\"https:\/\/malibumarcelova.com\/sk\/adatkezelesi-szabalyzat\/\" aria-label=\"Pre\u010d\u00edtajte si viac o Adatkezel\u00e9si Szab\u00e1lyzat\">\u010c\u00edtaj viac<\/a><\/p>","protected":false},"author":1,"featured_media":0,"parent":0,"menu_order":0,"comment_status":"closed","ping_status":"closed","template":"elementor_header_footer","meta":{"_seopress_robots_primary_cat":"","_seopress_titles_title":"Adatkezel\u00e9si Szab\u00e1lyzat - Malibu Marcelova s.r.o - Minden egy helyen","_seopress_titles_desc":"\u00c9lelmiszer, vegyi \u00e1ru (Malibu Market) \u2013 Vir\u00e1g-Aj\u00e1nd\u00e9k (Malibu Flora) - \u00c9tterem (Malibu Food) \u2013 v\u00e1rjuk kedves v\u00e1s\u00e1rl\u00f3inkat, vend\u00e9geinket!","_seopress_robots_index":"","footnotes":""},"class_list":["post-728","page","type-page","status-publish"],"_links":{"self":[{"href":"https:\/\/malibumarcelova.com\/sk\/wp-json\/wp\/v2\/pages\/728","targetHints":{"allow":["GET"]}}],"collection":[{"href":"https:\/\/malibumarcelova.com\/sk\/wp-json\/wp\/v2\/pages"}],"about":[{"href":"https:\/\/malibumarcelova.com\/sk\/wp-json\/wp\/v2\/types\/page"}],"author":[{"embeddable":true,"href":"https:\/\/malibumarcelova.com\/sk\/wp-json\/wp\/v2\/users\/1"}],"replies":[{"embeddable":true,"href":"https:\/\/malibumarcelova.com\/sk\/wp-json\/wp\/v2\/comments?post=728"}],"version-history":[{"count":5,"href":"https:\/\/malibumarcelova.com\/sk\/wp-json\/wp\/v2\/pages\/728\/revisions"}],"predecessor-version":[{"id":1766,"href":"https:\/\/malibumarcelova.com\/sk\/wp-json\/wp\/v2\/pages\/728\/revisions\/1766"}],"wp:attachment":[{"href":"https:\/\/malibumarcelova.com\/sk\/wp-json\/wp\/v2\/media?parent=728"}],"curies":[{"name":"wp","href":"https:\/\/api.w.org\/{rel}","templated":true}]}}